{"id":540,"date":"2022-12-09T14:12:48","date_gmt":"2022-12-09T13:12:48","guid":{"rendered":"https:\/\/www.rosh-invest.de\/?page_id=540"},"modified":"2024-09-26T21:36:11","modified_gmt":"2024-09-26T19:36:11","slug":"impressum","status":"publish","type":"page","link":"https:\/\/www.rosh-invest.de\/?page_id=540","title":{"rendered":"Impressum"},"content":{"rendered":"\n<h1>Impressum<\/h1>\n\n\n\n<h2>Angaben gem\u00e4\u00df \u00a7 5 TMG<\/h2>\n\n\n\n<p>ROSH Invest GmbH<br>Maximilianstra\u00dfe 35<br>Eingang A<br>80539 M\u00fcnchen<\/p>\n\n\n\n<p>Handelsregister: HRB 279028<br>Registergericht: Amtsgericht M\u00fcnchen<\/p>\n\n\n\n<p><strong>Vertreten durch:<\/strong><br>Dr. Rojda Subasi<\/p>\n\n\n\n<h2>Kontakt<\/h2>\n\n\n\n<p>Telefon: +49 (0) 89 \/ 45 20 27 \u2013 01<br>Telefax: +49 (0) 89 \/ 45 20 27 \u2013 02<br>E-Mail: info@rosh-invest.com<\/p>\n\n\n\n<h2>Umsatzsteuer-ID<\/h2>\n\n\n\n<p>Umsatzsteuer-Identifikationsnummer gem\u00e4\u00df \u00a7 27 a Umsatzsteuergesetz:<br>DE355543282<\/p>\n\n\n\n<h2>EU-Streitschlichtung<\/h2>\n\n\n\n<p>Die Europ\u00e4ische Kommission stellt eine Plattform zur Online-Streitbeilegung (OS) bereit: <a href=\"https:\/\/ec.europa.eu\/consumers\/odr\/\" target=\"_blank\" rel=\"noreferrer noopener\">https:\/\/ec.europa.eu\/consumers\/odr\/<\/a>.<br>Unsere E-Mail-Adresse finden Sie oben im Impressum.<\/p>\n\n\n\n<h2>Verbraucher\u00adstreit\u00adbeilegung\/Universal\u00adschlichtungs\u00adstelle<\/h2>\n\n\n\n<p>Wir sind nicht bereit oder verpflichtet, an Streitbeilegungsverfahren vor einer Verbraucherschlichtungsstelle teilzunehmen.<\/p>\n","protected":false},"excerpt":{"rendered":"<p>Impressum Angaben gem\u00e4\u00df \u00a7 5 TMG ROSH Invest GmbHMaximilianstra\u00dfe 35Eingang A80539 M\u00fcnchen Handelsregister: HRB 279028Registergericht: Amtsgericht M\u00fcnchen Vertreten durch:Dr. Rojda Subasi Kontakt Telefon: +49 (0) 89 \/ 45 20 27 \u2013 01Telefax: +49 (0) 89 \/ 45 20 27 \u2013 02E-Mail: info@rosh-invest.com Umsatzsteuer-ID Umsatzsteuer-Identifikationsnummer gem\u00e4\u00df \u00a7 27 a Umsatzsteuergesetz:DE355543282 EU-Streitschlichtung Die Europ\u00e4ische Kommission stellt eine &#8230; <a title=\"Impressum\" class=\"read-more\" href=\"https:\/\/www.rosh-invest.de\/?page_id=540\" aria-label=\"More on Impressum\">Read more<\/a><\/p>\n","protected":false},"author":4,"featured_media":0,"parent":0,"menu_order":0,"comment_status":"closed","ping_status":"closed","template":"","meta":[],"yoast_head":"<!-- This site is optimized with the Yoast SEO plugin v19.14 - https:\/\/yoast.com\/wordpress\/plugins\/seo\/ -->\n<title>Impressum - Rosh Invest<\/title>\n<meta name=\"robots\" content=\"index, follow, max-snippet:-1, max-image-preview:large, max-video-preview:-1\" \/>\n<link rel=\"canonical\" href=\"https:\/\/www.rosh-invest.de\/?page_id=540\" \/>\n<meta property=\"og:locale\" content=\"de_DE\" \/>\n<meta property=\"og:type\" content=\"article\" \/>\n<meta property=\"og:title\" content=\"Impressum - Rosh Invest\" \/>\n<meta property=\"og:description\" content=\"Impressum Angaben gem\u00e4\u00df \u00a7 5 TMG ROSH Invest GmbHMaximilianstra\u00dfe 35Eingang A80539 M\u00fcnchen Handelsregister: HRB 279028Registergericht: Amtsgericht M\u00fcnchen Vertreten durch:Dr. Rojda Subasi Kontakt Telefon: +49 (0) 89 \/ 45 20 27 \u2013 01Telefax: +49 (0) 89 \/ 45 20 27 \u2013 02E-Mail: info@rosh-invest.com Umsatzsteuer-ID Umsatzsteuer-Identifikationsnummer gem\u00e4\u00df \u00a7 27 a Umsatzsteuergesetz:DE355543282 EU-Streitschlichtung Die Europ\u00e4ische Kommission stellt eine ... Read more\" \/>\n<meta property=\"og:url\" content=\"https:\/\/www.rosh-invest.de\/?page_id=540\" \/>\n<meta property=\"og:site_name\" content=\"Rosh Invest\" \/>\n<meta property=\"article:modified_time\" content=\"2024-09-26T19:36:11+00:00\" \/>\n<meta name=\"twitter:card\" content=\"summary_large_image\" \/>\n<meta name=\"twitter:label1\" content=\"Gesch\u00e4tzte Lesezeit\" \/>\n\t<meta name=\"twitter:data1\" content=\"1 Minute\" \/>\n<script type=\"application\/ld+json\" class=\"yoast-schema-graph\">{\"@context\":\"https:\/\/schema.org\",\"@graph\":[{\"@type\":\"WebPage\",\"@id\":\"https:\/\/www.rosh-invest.de\/?page_id=540\",\"url\":\"https:\/\/www.rosh-invest.de\/?page_id=540\",\"name\":\"Impressum - Rosh Invest\",\"isPartOf\":{\"@id\":\"https:\/\/www.rosh-invest.de\/#website\"},\"datePublished\":\"2022-12-09T13:12:48+00:00\",\"dateModified\":\"2024-09-26T19:36:11+00:00\",\"breadcrumb\":{\"@id\":\"https:\/\/www.rosh-invest.de\/?page_id=540#breadcrumb\"},\"inLanguage\":\"de-DE\",\"potentialAction\":[{\"@type\":\"ReadAction\",\"target\":[\"https:\/\/www.rosh-invest.de\/?page_id=540\"]}]},{\"@type\":\"BreadcrumbList\",\"@id\":\"https:\/\/www.rosh-invest.de\/?page_id=540#breadcrumb\",\"itemListElement\":[{\"@type\":\"ListItem\",\"position\":1,\"name\":\"Startseite\",\"item\":\"https:\/\/www.rosh-invest.de\/\"},{\"@type\":\"ListItem\",\"position\":2,\"name\":\"Impressum\"}]},{\"@type\":\"WebSite\",\"@id\":\"https:\/\/www.rosh-invest.de\/#website\",\"url\":\"https:\/\/www.rosh-invest.de\/\",\"name\":\"Rosh Invest\",\"description\":\"\",\"publisher\":{\"@id\":\"https:\/\/www.rosh-invest.de\/#organization\"},\"potentialAction\":[{\"@type\":\"SearchAction\",\"target\":{\"@type\":\"EntryPoint\",\"urlTemplate\":\"https:\/\/www.rosh-invest.de\/?s={search_term_string}\"},\"query-input\":\"required name=search_term_string\"}],\"inLanguage\":\"de-DE\"},{\"@type\":\"Organization\",\"@id\":\"https:\/\/www.rosh-invest.de\/#organization\",\"name\":\"Rosh Invest GmbH\",\"url\":\"https:\/\/www.rosh-invest.de\/\",\"logo\":{\"@type\":\"ImageObject\",\"inLanguage\":\"de-DE\",\"@id\":\"https:\/\/www.rosh-invest.de\/#\/schema\/logo\/image\/\",\"url\":\"https:\/\/www.rosh-invest.de\/app\/uploads\/2022\/10\/logo_rosh_invest.png\",\"contentUrl\":\"https:\/\/www.rosh-invest.de\/app\/uploads\/2022\/10\/logo_rosh_invest.png\",\"width\":163,\"height\":72,\"caption\":\"Rosh Invest GmbH\"},\"image\":{\"@id\":\"https:\/\/www.rosh-invest.de\/#\/schema\/logo\/image\/\"}}]}<\/script>\n<!-- \/ Yoast SEO plugin. -->","yoast_head_json":{"title":"Impressum - Rosh Invest","robots":{"index":"index","follow":"follow","max-snippet":"max-snippet:-1","max-image-preview":"max-image-preview:large","max-video-preview":"max-video-preview:-1"},"canonical":"https:\/\/www.rosh-invest.de\/?page_id=540","og_locale":"de_DE","og_type":"article","og_title":"Impressum - Rosh Invest","og_description":"Impressum Angaben gem\u00e4\u00df \u00a7 5 TMG ROSH Invest GmbHMaximilianstra\u00dfe 35Eingang A80539 M\u00fcnchen Handelsregister: HRB 279028Registergericht: Amtsgericht M\u00fcnchen Vertreten durch:Dr. Rojda Subasi Kontakt Telefon: +49 (0) 89 \/ 45 20 27 \u2013 01Telefax: +49 (0) 89 \/ 45 20 27 \u2013 02E-Mail: info@rosh-invest.com Umsatzsteuer-ID Umsatzsteuer-Identifikationsnummer gem\u00e4\u00df \u00a7 27 a Umsatzsteuergesetz:DE355543282 EU-Streitschlichtung Die Europ\u00e4ische Kommission stellt eine ... Read more","og_url":"https:\/\/www.rosh-invest.de\/?page_id=540","og_site_name":"Rosh Invest","article_modified_time":"2024-09-26T19:36:11+00:00","twitter_card":"summary_large_image","twitter_misc":{"Gesch\u00e4tzte Lesezeit":"1 Minute"},"schema":{"@context":"https:\/\/schema.org","@graph":[{"@type":"WebPage","@id":"https:\/\/www.rosh-invest.de\/?page_id=540","url":"https:\/\/www.rosh-invest.de\/?page_id=540","name":"Impressum - Rosh Invest","isPartOf":{"@id":"https:\/\/www.rosh-invest.de\/#website"},"datePublished":"2022-12-09T13:12:48+00:00","dateModified":"2024-09-26T19:36:11+00:00","breadcrumb":{"@id":"https:\/\/www.rosh-invest.de\/?page_id=540#breadcrumb"},"inLanguage":"de-DE","potentialAction":[{"@type":"ReadAction","target":["https:\/\/www.rosh-invest.de\/?page_id=540"]}]},{"@type":"BreadcrumbList","@id":"https:\/\/www.rosh-invest.de\/?page_id=540#breadcrumb","itemListElement":[{"@type":"ListItem","position":1,"name":"Startseite","item":"https:\/\/www.rosh-invest.de\/"},{"@type":"ListItem","position":2,"name":"Impressum"}]},{"@type":"WebSite","@id":"https:\/\/www.rosh-invest.de\/#website","url":"https:\/\/www.rosh-invest.de\/","name":"Rosh Invest","description":"","publisher":{"@id":"https:\/\/www.rosh-invest.de\/#organization"},"potentialAction":[{"@type":"SearchAction","target":{"@type":"EntryPoint","urlTemplate":"https:\/\/www.rosh-invest.de\/?s={search_term_string}"},"query-input":"required name=search_term_string"}],"inLanguage":"de-DE"},{"@type":"Organization","@id":"https:\/\/www.rosh-invest.de\/#organization","name":"Rosh Invest GmbH","url":"https:\/\/www.rosh-invest.de\/","logo":{"@type":"ImageObject","inLanguage":"de-DE","@id":"https:\/\/www.rosh-invest.de\/#\/schema\/logo\/image\/","url":"https:\/\/www.rosh-invest.de\/app\/uploads\/2022\/10\/logo_rosh_invest.png","contentUrl":"https:\/\/www.rosh-invest.de\/app\/uploads\/2022\/10\/logo_rosh_invest.png","width":163,"height":72,"caption":"Rosh Invest GmbH"},"image":{"@id":"https:\/\/www.rosh-invest.de\/#\/schema\/logo\/image\/"}}]}},"_links":{"self":[{"href":"https:\/\/www.rosh-invest.de\/index.php?rest_route=\/wp\/v2\/pages\/540"}],"collection":[{"href":"https:\/\/www.rosh-invest.de\/index.php?rest_route=\/wp\/v2\/pages"}],"about":[{"href":"https:\/\/www.rosh-invest.de\/index.php?rest_route=\/wp\/v2\/types\/page"}],"author":[{"embeddable":true,"href":"https:\/\/www.rosh-invest.de\/index.php?rest_route=\/wp\/v2\/users\/4"}],"replies":[{"embeddable":true,"href":"https:\/\/www.rosh-invest.de\/index.php?rest_route=%2Fwp%2Fv2%2Fcomments&post=540"}],"version-history":[{"count":7,"href":"https:\/\/www.rosh-invest.de\/index.php?rest_route=\/wp\/v2\/pages\/540\/revisions"}],"predecessor-version":[{"id":697,"href":"https:\/\/www.rosh-invest.de\/index.php?rest_route=\/wp\/v2\/pages\/540\/revisions\/697"}],"wp:attachment":[{"href":"https:\/\/www.rosh-invest.de\/index.php?rest_route=%2Fwp%2Fv2%2Fmedia&parent=540"}],"curies":[{"name":"wp","href":"https:\/\/api.w.org\/{rel}","templated":true}]}}